{"id":4445,"date":"2016-05-22T18:04:30","date_gmt":"2016-05-22T18:04:30","guid":{"rendered":"http:\/\/magma.kitchen\/wp\/?page_id=4445"},"modified":"2016-05-30T00:25:22","modified_gmt":"2016-05-30T00:25:22","slug":"quienes-somos","status":"publish","type":"page","link":"http:\/\/magma.kitchen\/?page_id=4445","title":{"rendered":"Quienes somos"},"content":{"rendered":"<blockquote>\n<h3><span style=\"color: #424242;\">\u201cEn todos nosotros hay un Magma como ese de los volcanes que en alg\u00fan momento quiere mostrar su belleza\u201d\u00a0<\/span><\/h3>\n<\/blockquote>\n<p>Magma Kitchen es un espacio creado para generar libre accesibilidad a la experimentaci\u00f3n del arte digital a partir de su difusi\u00f3n, promoci\u00f3n y creaci\u00f3n , como as\u00ed tambi\u00e9n a la formaci\u00f3n en los lenguajes instrumentales que lo construyen.<\/p>\n<p>Magma es una propuesta creativa de exploraci\u00f3n sobre art\u00edsticas que tienen como plataforma el mundo digital y de las interacciones que puedan suceder entre las herramientas digitales con otras modalidades de expresi\u00f3n, para de esta manera contribuir al desarrollo y estimulaci\u00f3n de las creatividades de las personas.<\/p>\n<p>Nuestro principal objetivo en ofrecer a los interesados los instrumentos e informaciones necesarias que favorezcan la accesibilidad y la comprensi\u00f3n de esta forma de hacer y vivenciar el arte.<br \/>\nPara ello nos hemos propuesto, el desarrollo de cursos de formaci\u00f3n en lenguajes digitales, la divulgaci\u00f3n de obras de arte de artistas digitales, la creaci\u00f3n de obras art\u00edsticas, la difusi\u00f3n de los eventos de arte digital, el trabajo en red con otras entidades y profesionales que deseen ser coautores de obras de arte digital y\/o que est\u00e9n interesadas en la investigaci\u00f3n y socializaci\u00f3n compartida de este modo de expresi\u00f3n.<\/p>\n","protected":false},"excerpt":{"rendered":"<p>\u201cEn todos nosotros hay un Magma como ese de los volcanes que en alg\u00fan momento quiere mostrar su belleza\u201d\u00a0 Magma Kitchen es un espacio creado para generar libre accesibilidad a la experimentaci\u00f3n del arte digital a partir de su difusi\u00f3n, promoci\u00f3n y creaci\u00f3n , como as\u00ed tambi\u00e9n a la formaci\u00f3n en los lenguajes instrumentales que &hellip;<\/p>\n","protected":false},"author":1,"featured_media":0,"parent":0,"menu_order":0,"comment_status":"closed","ping_status":"closed","template":"template-fullwidth.php","meta":{"footnotes":""},"class_list":["post-4445","page","type-page","status-publish","hentry"],"_links":{"self":[{"href":"http:\/\/magma.kitchen\/index.php?rest_route=\/wp\/v2\/pages\/4445","targetHints":{"allow":["GET"]}}],"collection":[{"href":"http:\/\/magma.kitchen\/index.php?rest_route=\/wp\/v2\/pages"}],"about":[{"href":"http:\/\/magma.kitchen\/index.php?rest_route=\/wp\/v2\/types\/page"}],"author":[{"embeddable":true,"href":"http:\/\/magma.kitchen\/index.php?rest_route=\/wp\/v2\/users\/1"}],"replies":[{"embeddable":true,"href":"http:\/\/magma.kitchen\/index.php?rest_route=%2Fwp%2Fv2%2Fcomments&post=4445"}],"version-history":[{"count":10,"href":"http:\/\/magma.kitchen\/index.php?rest_route=\/wp\/v2\/pages\/4445\/revisions"}],"predecessor-version":[{"id":4659,"href":"http:\/\/magma.kitchen\/index.php?rest_route=\/wp\/v2\/pages\/4445\/revisions\/4659"}],"wp:attachment":[{"href":"http:\/\/magma.kitchen\/index.php?rest_route=%2Fwp%2Fv2%2Fmedia&parent=4445"}],"curies":[{"name":"wp","href":"https:\/\/api.w.org\/{rel}","templated":true}]}}