{"id":4449,"date":"2016-05-22T18:09:46","date_gmt":"2016-05-22T18:09:46","guid":{"rendered":"http:\/\/magma.kitchen\/wp\/?page_id=4449"},"modified":"2016-05-30T00:25:22","modified_gmt":"2016-05-30T00:25:22","slug":"magma-en-curso","status":"publish","type":"page","link":"http:\/\/magma.kitchen\/?page_id=4449","title":{"rendered":"Magma en curso"},"content":{"rendered":"<div id=\"aq-template-wrapper-4448\" class=\"aq-template-wrapper aq_row\"><div id=\"aq-block-4448-1\" class=\"aq-block aq-block-aq_blog_masonry aq_span12 aq-first clearfix\">        \r\n            \r\n            <div class=\"container builder woocommerce\" style=\"margin-bottom:60px;\">\r\n            \r\n        \r\n\t\t\t<!-- end title section-->\r\n\t\t\t\r\n            \r\n            <div id=\"content\" class=\"widgetwrap-folio\"> \r\n            \r\n                <!-- latest-->\r\n               \t<div class=\"masonry isotope isotopeblog\">\r\n                    \r\n\t\t\t\t\t\t                                                                    \r\n                                    \r\n                                      \t<div class=\"item normal tranz post-4804 post type-post status-publish format-standard post-password-required hentry category-actividad\">\r\n            \r\n               \r\n\r\n\t\t\t                \r\n              \r\n\r\n                       \r\n\r\n                          \r\n            \t<div class=\"item_inn tranz ghost\">\r\n        \r\n                    <h2 class=\"posttitle\"><a href=\"http:\/\/magma.kitchen\/?p=4804\">Protegido: Inchiesta Hoop<\/a><\/h2>\r\n                \r\n                \t    \r\n\t<p class=\"meta cat tranz \">\r\n\t\t<a href=\"http:\/\/magma.kitchen\/?cat=1\" rel=\"category\">Actividad<\/a>    <\/p>\r\n        \r\n\t<p class=\"meta date tranz \"> \r\n        8 agosto, 2017    <\/p>\r\n                        \r\n                    <div class=\"hrline\"><\/div>\r\n                    \r\n\t\t\t\t\t<p class=\"teaser tranz\">No hay extracto porque es una entrada protegida....<\/p>\r\n                    \r\n                        \r\n\t<p class=\"meta_more\">\r\n    \t\t<a href=\"http:\/\/magma.kitchen\/?p=4804\">Read more <i class=\"fa fa-long-arrow-right\"><\/i><\/a>\r\n    <\/p>\r\n                    \r\n                <\/div><!-- end .item_inn -->\r\n        \r\n            <\/div>            \r\n                                    \r\n                                      \t<div class=\"item normal tranz post-4771 post type-post status-publish format-standard has-post-thumbnail hentry category-actividad category-en-evidencia\">\r\n            \r\n               \r\n\r\n\t\t\t                \r\n              \r\n\r\n                                            \r\n                          <div class=\"imgwrap\">\r\n                          \r\n                              <i class=\"fa fa-file-text-o\"><\/i>                              \r\n                              <a href=\"http:\/\/magma.kitchen\/?p=4771\">\r\n          \r\n                                  <img loading=\"lazy\" decoding=\"async\" width=\"356\" height=\"237\" src=\"http:\/\/magma.kitchen\/wp\/wp-content\/uploads\/2017\/07\/IMG_3714-356x237.jpg\" class=\"tranz grayscale grayscale-fade wp-post-image\" alt=\"\" itemprop=\"image\" srcset=\"http:\/\/magma.kitchen\/wp\/wp-content\/uploads\/2017\/07\/IMG_3714-356x237.jpg 356w, http:\/\/magma.kitchen\/wp\/wp-content\/uploads\/2017\/07\/IMG_3714-300x200.jpg 300w, http:\/\/magma.kitchen\/wp\/wp-content\/uploads\/2017\/07\/IMG_3714-768x512.jpg 768w, http:\/\/magma.kitchen\/wp\/wp-content\/uploads\/2017\/07\/IMG_3714-1024x683.jpg 1024w\" sizes=\"auto, (max-width: 356px) 100vw, 356px\" \/>                              \r\n                              <\/a>\r\n                          \r\n                          <\/div>\r\n      \r\n                       \r\n\r\n                          \r\n            \t<div class=\"item_inn tranz ghost\">\r\n        \r\n                    <h2 class=\"posttitle\"><a href=\"http:\/\/magma.kitchen\/?p=4771\">Hoop<\/a><\/h2>\r\n                \r\n                \t    \r\n\t<p class=\"meta cat tranz \">\r\n\t\t<a href=\"http:\/\/magma.kitchen\/?cat=1\" rel=\"category\">Actividad<\/a>, <a href=\"http:\/\/magma.kitchen\/?cat=86\" rel=\"category\">En evidencia<\/a>    <\/p>\r\n        \r\n\t<p class=\"meta date tranz \"> \r\n        18 julio, 2017    <\/p>\r\n                        \r\n                    <div class=\"hrline\"><\/div>\r\n                    \r\n\t\t\t\t\t<p class=\"teaser tranz\">Desde hac\u00eda un tiempo Mariano Cigliano el Digital Artisan de Magma Kitchen estaba imaginando el dise\u00f1o de un universo...<\/p>\r\n                    \r\n                        \r\n\t<p class=\"meta_more\">\r\n    \t\t<a href=\"http:\/\/magma.kitchen\/?p=4771\">Read more <i class=\"fa fa-long-arrow-right\"><\/i><\/a>\r\n    <\/p>\r\n                    \r\n                <\/div><!-- end .item_inn -->\r\n        \r\n            <\/div>            \r\n                                    \r\n                                      \t<div class=\"item normal tranz post-4760 post type-post status-publish format-gallery has-post-thumbnail hentry category-actividad post_format-post-format-gallery\">\r\n            \r\n               \r\n\r\n\t\t\t                \r\n              \r\n\r\n                                            \r\n                          <div class=\"imgwrap\">\r\n                          \r\n                              <i class=\"rad tmnf_icon icon-camera\"><\/i>                              \r\n                              <a href=\"http:\/\/magma.kitchen\/?p=4760\">\r\n          \r\n                                  <img loading=\"lazy\" decoding=\"async\" width=\"356\" height=\"239\" src=\"http:\/\/magma.kitchen\/wp\/wp-content\/uploads\/2016\/08\/Res-2-pos-356x239.jpg\" class=\"tranz grayscale grayscale-fade wp-post-image\" alt=\"\" itemprop=\"image\" srcset=\"http:\/\/magma.kitchen\/wp\/wp-content\/uploads\/2016\/08\/Res-2-pos-356x239.jpg 356w, http:\/\/magma.kitchen\/wp\/wp-content\/uploads\/2016\/08\/Res-2-pos-300x201.jpg 300w, http:\/\/magma.kitchen\/wp\/wp-content\/uploads\/2016\/08\/Res-2-pos-768x515.jpg 768w, http:\/\/magma.kitchen\/wp\/wp-content\/uploads\/2016\/08\/Res-2-pos-1024x687.jpg 1024w, http:\/\/magma.kitchen\/wp\/wp-content\/uploads\/2016\/08\/Res-2-pos.jpg 1160w\" sizes=\"auto, (max-width: 356px) 100vw, 356px\" \/>                              \r\n                              <\/a>\r\n                          \r\n                          <\/div>\r\n      \r\n                       \r\n\r\n                          \r\n            \t<div class=\"item_inn tranz ghost\">\r\n        \r\n                    <h2 class=\"posttitle\"><a href=\"http:\/\/magma.kitchen\/?p=4760\">La Primera Prueba en Villa Pennisi<\/a><\/h2>\r\n                \r\n                \t    \r\n\t<p class=\"meta cat tranz \">\r\n\t\t<a href=\"http:\/\/magma.kitchen\/?cat=1\" rel=\"category\">Actividad<\/a>    <\/p>\r\n        \r\n\t<p class=\"meta date tranz \"> \r\n        10 agosto, 2016    <\/p>\r\n                        \r\n                    <div class=\"hrline\"><\/div>\r\n                    \r\n\t\t\t\t\t<p class=\"teaser tranz\">Ya han pasado tres d\u00edas de nuestra llegada y el ambiente de Villa Pennisi es siempre el de una construcci\u00f3n donde...<\/p>\r\n                    \r\n                        \r\n\t<p class=\"meta_more\">\r\n    \t\t<a href=\"http:\/\/magma.kitchen\/?p=4760\">Read more <i class=\"fa fa-long-arrow-right\"><\/i><\/a>\r\n    <\/p>\r\n                    \r\n                <\/div><!-- end .item_inn -->\r\n        \r\n            <\/div>            \r\n                                    \r\n                                      \t<div class=\"item normal tranz post-4754 post type-post status-publish format-standard has-post-thumbnail hentry category-actividad\">\r\n            \r\n               \r\n\r\n\t\t\t                \r\n              \r\n\r\n                                            \r\n                          <div class=\"imgwrap\">\r\n                          \r\n                              <i class=\"fa fa-file-text-o\"><\/i>                              \r\n                              <a href=\"http:\/\/magma.kitchen\/?p=4754\">\r\n          \r\n                                  <img loading=\"lazy\" decoding=\"async\" width=\"356\" height=\"200\" src=\"http:\/\/magma.kitchen\/wp\/wp-content\/uploads\/2016\/08\/Res-1-post-356x200.jpg\" class=\"tranz grayscale grayscale-fade wp-post-image\" alt=\"\" itemprop=\"image\" srcset=\"http:\/\/magma.kitchen\/wp\/wp-content\/uploads\/2016\/08\/Res-1-post-356x200.jpg 356w, http:\/\/magma.kitchen\/wp\/wp-content\/uploads\/2016\/08\/Res-1-post-300x168.jpg 300w, http:\/\/magma.kitchen\/wp\/wp-content\/uploads\/2016\/08\/Res-1-post-768x431.jpg 768w, http:\/\/magma.kitchen\/wp\/wp-content\/uploads\/2016\/08\/Res-1-post-1024x575.jpg 1024w, http:\/\/magma.kitchen\/wp\/wp-content\/uploads\/2016\/08\/Res-1-post.jpg 1142w\" sizes=\"auto, (max-width: 356px) 100vw, 356px\" \/>                              \r\n                              <\/a>\r\n                          \r\n                          <\/div>\r\n      \r\n                       \r\n\r\n                          \r\n            \t<div class=\"item_inn tranz ghost\">\r\n        \r\n                    <h2 class=\"posttitle\"><a href=\"http:\/\/magma.kitchen\/?p=4754\">El primer pie en Villa Pennisi in Musica<\/a><\/h2>\r\n                \r\n                \t    \r\n\t<p class=\"meta cat tranz \">\r\n\t\t<a href=\"http:\/\/magma.kitchen\/?cat=1\" rel=\"category\">Actividad<\/a>    <\/p>\r\n        \r\n\t<p class=\"meta date tranz \"> \r\n        7 agosto, 2016    <\/p>\r\n                        \r\n                    <div class=\"hrline\"><\/div>\r\n                    \r\n\t\t\t\t\t<p class=\"teaser tranz\">Y Finalmente hemos llegado a Villa Pennisi! Apenas entramos en este edificio de fines del 1800, nos encontramos con un...<\/p>\r\n                    \r\n                        \r\n\t<p class=\"meta_more\">\r\n    \t\t<a href=\"http:\/\/magma.kitchen\/?p=4754\">Read more <i class=\"fa fa-long-arrow-right\"><\/i><\/a>\r\n    <\/p>\r\n                    \r\n                <\/div><!-- end .item_inn -->\r\n        \r\n            <\/div>            \r\n                                    \r\n                                      \t<div class=\"item normal tranz post-4743 post type-post status-publish format-video hentry category-actividad category-en-evidencia tag-audioscapes tag-masque tag-vpmusica2016 post_format-post-format-video\">\r\n            \r\n               \r\n\r\n\t\t\t                \r\n               \r\n\t  <div  style=\"background-color: darkgray; height:202px; \"><iframe loading=\"lazy\" class=\"tmnf-video\" src=\"\/\/player.vimeo.com\/video\/172157871?title=0&amp;byline=0&amp;portrait=0&amp;color=ffffff\" width=\"768\" height=\"430\" frameborder=\"0\" webkitallowfullscreen mozallowfullscreen allowfullscreen><\/iframe><\/div>\r\n\t      \r\n            \t<div class=\"item_inn tranz ghost\">\r\n        \r\n                    <h2 class=\"posttitle\"><a href=\"http:\/\/magma.kitchen\/?p=4743\">Masque teaser<\/a><\/h2>\r\n                \r\n                \t    \r\n\t<p class=\"meta cat tranz \">\r\n\t\t<a href=\"http:\/\/magma.kitchen\/?cat=1\" rel=\"category\">Actividad<\/a>, <a href=\"http:\/\/magma.kitchen\/?cat=86\" rel=\"category\">En evidencia<\/a>    <\/p>\r\n        \r\n\t<p class=\"meta date tranz \"> \r\n        25 junio, 2016    <\/p>\r\n                        \r\n                    <div class=\"hrline\"><\/div>\r\n                    \r\n\t\t\t\t\t<p class=\"teaser tranz\">Lleg\u00f3 el teaser de la instalaci\u00f3n creada para el concierto \u201cLa mascherata della morte rossa\u201d en el marco de...<\/p>\r\n                    \r\n                        \r\n\t<p class=\"meta_more\">\r\n    \t\t<a href=\"http:\/\/magma.kitchen\/?p=4743\">Read more <i class=\"fa fa-long-arrow-right\"><\/i><\/a>\r\n    <\/p>\r\n                    \r\n                <\/div><!-- end .item_inn -->\r\n        \r\n            <\/div>            \r\n                                    \r\n                                      \t<div class=\"item normal tranz post-4736 post type-post status-publish format-gallery has-post-thumbnail hentry category-actividad post_format-post-format-gallery\">\r\n            \r\n               \r\n\r\n\t\t\t                \r\n              \r\n\r\n                                            \r\n                          <div class=\"imgwrap\">\r\n                          \r\n                              <i class=\"rad tmnf_icon icon-camera\"><\/i>                              \r\n                              <a href=\"http:\/\/magma.kitchen\/?p=4736\">\r\n          \r\n                                  <img loading=\"lazy\" decoding=\"async\" width=\"356\" height=\"224\" src=\"http:\/\/magma.kitchen\/wp\/wp-content\/uploads\/2016\/06\/cba3.0-356x224.png\" class=\"tranz grayscale grayscale-fade wp-post-image\" alt=\"\" itemprop=\"image\" srcset=\"http:\/\/magma.kitchen\/wp\/wp-content\/uploads\/2016\/06\/cba3.0-356x224.png 356w, http:\/\/magma.kitchen\/wp\/wp-content\/uploads\/2016\/06\/cba3.0-300x189.png 300w, http:\/\/magma.kitchen\/wp\/wp-content\/uploads\/2016\/06\/cba3.0.png 500w\" sizes=\"auto, (max-width: 356px) 100vw, 356px\" \/>                              \r\n                              <\/a>\r\n                          \r\n                          <\/div>\r\n      \r\n                       \r\n\r\n                          \r\n            \t<div class=\"item_inn tranz ghost\">\r\n        \r\n                    <h2 class=\"posttitle\"><a href=\"http:\/\/magma.kitchen\/?p=4736\">Magma en CBA 3.0<\/a><\/h2>\r\n                \r\n                \t    \r\n\t<p class=\"meta cat tranz \">\r\n\t\t<a href=\"http:\/\/magma.kitchen\/?cat=1\" rel=\"category\">Actividad<\/a>    <\/p>\r\n        \r\n\t<p class=\"meta date tranz \"> \r\n        22 junio, 2016    <\/p>\r\n                        \r\n                    <div class=\"hrline\"><\/div>\r\n                    \r\n\t\t\t\t\t<p class=\"teaser tranz\">CBA 3.0 es un programa de TV sobre nuevas tecnolog\u00edas, con especial hincapi\u00e9 en C\u00f3rdoba. Se transmite todos los...<\/p>\r\n                    \r\n                        \r\n\t<p class=\"meta_more\">\r\n    \t\t<a href=\"http:\/\/magma.kitchen\/?p=4736\">Read more <i class=\"fa fa-long-arrow-right\"><\/i><\/a>\r\n    <\/p>\r\n                    \r\n                <\/div><!-- end .item_inn -->\r\n        \r\n            <\/div>            \r\n                        <!-- end post -->\r\n                    \r\n                                            \r\n                    <\/div><!-- end latest posts section-->\r\n                            \r\n                    <div class=\"clearfix\"><\/div>\r\n            \r\n                    <div class=\"nav-previous blogiso ribbon rad\"><a href=\"http:\/\/magma.kitchen\/index.php?rest_route=%2Fwp%2Fv2%2Fpages%2F4449&#038;paged=2\" >Load More Posts<\/a><\/div>\r\n                    \r\n                    \t\t\t\t\t<!-- end latest -->\r\n\r\n            \t\r\n            \r\n            <\/div><!-- end #content-->\r\n            <\/div><!-- end .container-->\r\n                \r\n\t\t\t<\/div><\/div>\n","protected":false},"excerpt":{"rendered":"","protected":false},"author":1,"featured_media":0,"parent":0,"menu_order":0,"comment_status":"closed","ping_status":"closed","template":"homepage.php","meta":{"footnotes":""},"class_list":["post-4449","page","type-page","status-publish","hentry"],"_links":{"self":[{"href":"http:\/\/magma.kitchen\/index.php?rest_route=\/wp\/v2\/pages\/4449","targetHints":{"allow":["GET"]}}],"collection":[{"href":"http:\/\/magma.kitchen\/index.php?rest_route=\/wp\/v2\/pages"}],"about":[{"href":"http:\/\/magma.kitchen\/index.php?rest_route=\/wp\/v2\/types\/page"}],"author":[{"embeddable":true,"href":"http:\/\/magma.kitchen\/index.php?rest_route=\/wp\/v2\/users\/1"}],"replies":[{"embeddable":true,"href":"http:\/\/magma.kitchen\/index.php?rest_route=%2Fwp%2Fv2%2Fcomments&post=4449"}],"version-history":[{"count":1,"href":"http:\/\/magma.kitchen\/index.php?rest_route=\/wp\/v2\/pages\/4449\/revisions"}],"predecessor-version":[{"id":4450,"href":"http:\/\/magma.kitchen\/index.php?rest_route=\/wp\/v2\/pages\/4449\/revisions\/4450"}],"wp:attachment":[{"href":"http:\/\/magma.kitchen\/index.php?rest_route=%2Fwp%2Fv2%2Fmedia&parent=4449"}],"curies":[{"name":"wp","href":"https:\/\/api.w.org\/{rel}","templated":true}]}}